{"id":2,"date":"2023-02-22T13:14:56","date_gmt":"2023-02-22T13:14:56","guid":{"rendered":"https:\/\/novabase.meujuridigital.com.br\/?page_id=2"},"modified":"2024-01-05T20:07:45","modified_gmt":"2024-01-05T20:07:45","slug":"home","status":"publish","type":"page","link":"https:\/\/adanunesadvogados.com.br\/","title":{"rendered":"Home"},"content":{"rendered":"\t\t<div data-elementor-type=\"wp-page\" data-elementor-id=\"2\" class=\"elementor elementor-2\" data-elementor-post-type=\"page\">\n\t\t\t\t\t\t<section class=\"elementor-section elementor-top-section elementor-element elementor-element-3e8a498 elementor-section-full_width elementor-section-height-min-height elementor-section-height-default elementor-section-items-middle\" data-id=\"3e8a498\" data-element_type=\"section\" data-settings=\"{&quot;background_background&quot;:&quot;classic&quot;}\">\n\t\t\t\t\t\t\t<div class=\"elementor-background-overlay\"><\/div>\n\t\t\t\t\t\t\t<div class=\"elementor-container elementor-column-gap-no\">\n\t\t\t\t\t<div class=\"elementor-column elementor-col-100 elementor-top-column elementor-element elementor-element-f910c62\" data-id=\"f910c62\" data-element_type=\"column\">\n\t\t\t<div class=\"elementor-widget-wrap elementor-element-populated\">\n\t\t\t\t\t\t<section class=\"elementor-section elementor-inner-section elementor-element elementor-element-1d1492d elementor-section-boxed elementor-section-height-default elementor-section-height-default\" data-id=\"1d1492d\" data-element_type=\"section\">\n\t\t\t\t\t\t<div class=\"elementor-container elementor-column-gap-default\">\n\t\t\t\t\t<div class=\"elementor-column elementor-col-50 elementor-inner-column elementor-element elementor-element-8f35a71\" data-id=\"8f35a71\" data-element_type=\"column\">\n\t\t\t<div class=\"elementor-widget-wrap elementor-element-populated\">\n\t\t\t\t\t\t<div class=\"elementor-element elementor-element-e9ee019 elementor-widget elementor-widget-heading\" data-id=\"e9ee019\" data-element_type=\"widget\" data-widget_type=\"heading.default\">\n\t\t\t\t<div class=\"elementor-widget-container\">\n\t\t\t\t\t<h2 class=\"elementor-heading-title elementor-size-default\">Seus direitos merecem voz forte e representa\u00e7\u00e3o incans\u00e1vel<\/h2>\t\t\t\t<\/div>\n\t\t\t\t<\/div>\n\t\t\t\t<div class=\"elementor-element elementor-element-c06e929 elementor-widget elementor-widget-button\" data-id=\"c06e929\" data-element_type=\"widget\" data-widget_type=\"button.default\">\n\t\t\t\t<div class=\"elementor-widget-container\">\n\t\t\t\t\t\t\t\t\t<div class=\"elementor-button-wrapper\">\n\t\t\t\t\t<a class=\"elementor-button elementor-button-link elementor-size-sm\" href=\"https:\/\/api.whatsapp.com\/send?phone=5512991740501\">\n\t\t\t\t\t\t<span class=\"elementor-button-content-wrapper\">\n\t\t\t\t\t\t<span class=\"elementor-button-icon\">\n\t\t\t\t<i aria-hidden=\"true\" class=\"fab fa-whatsapp\"><\/i>\t\t\t<\/span>\n\t\t\t\t\t\t\t\t\t<span class=\"elementor-button-text\">FALE CONOSCO<\/span>\n\t\t\t\t\t<\/span>\n\t\t\t\t\t<\/a>\n\t\t\t\t<\/div>\n\t\t\t\t\t\t\t\t<\/div>\n\t\t\t\t<\/div>\n\t\t\t\t\t<\/div>\n\t\t<\/div>\n\t\t\t\t<div class=\"elementor-column elementor-col-50 elementor-inner-column elementor-element elementor-element-f423bd4\" data-id=\"f423bd4\" data-element_type=\"column\">\n\t\t\t<div class=\"elementor-widget-wrap\">\n\t\t\t\t\t\t\t<\/div>\n\t\t<\/div>\n\t\t\t\t\t<\/div>\n\t\t<\/section>\n\t\t\t\t\t<\/div>\n\t\t<\/div>\n\t\t\t\t\t<\/div>\n\t\t<\/section>\n\t\t\t\t<section class=\"elementor-section elementor-top-section elementor-element elementor-element-f95d160 elementor-section-boxed elementor-section-height-default elementor-section-height-default\" data-id=\"f95d160\" data-element_type=\"section\">\n\t\t\t\t\t\t<div class=\"elementor-container elementor-column-gap-default\">\n\t\t\t\t\t<div class=\"elementor-column elementor-col-100 elementor-top-column elementor-element elementor-element-d15711b\" data-id=\"d15711b\" data-element_type=\"column\">\n\t\t\t<div class=\"elementor-widget-wrap elementor-element-populated\">\n\t\t\t\t\t\t<div class=\"elementor-element elementor-element-cc93a9c elementor-widget elementor-widget-heading\" data-id=\"cc93a9c\" data-element_type=\"widget\" id=\"areas\" data-widget_type=\"heading.default\">\n\t\t\t\t<div class=\"elementor-widget-container\">\n\t\t\t\t\t<h2 class=\"elementor-heading-title elementor-size-default\">Como podemos Ajud\u00e1-lo(a)?<\/h2>\t\t\t\t<\/div>\n\t\t\t\t<\/div>\n\t\t\t\t<section class=\"elementor-section elementor-inner-section elementor-element elementor-element-6fd37ae elementor-section-boxed elementor-section-height-default elementor-section-height-default\" data-id=\"6fd37ae\" data-element_type=\"section\">\n\t\t\t\t\t\t<div class=\"elementor-container elementor-column-gap-default\">\n\t\t\t\t\t<div class=\"elementor-column elementor-col-50 elementor-inner-column elementor-element elementor-element-9500be6\" data-id=\"9500be6\" data-element_type=\"column\" data-settings=\"{&quot;background_background&quot;:&quot;classic&quot;}\">\n\t\t\t<div class=\"elementor-widget-wrap elementor-element-populated\">\n\t\t\t\t\t<div class=\"elementor-background-overlay\"><\/div>\n\t\t\t\t\t\t<div class=\"elementor-element elementor-element-2293afb elementor-widget elementor-widget-heading\" data-id=\"2293afb\" data-element_type=\"widget\" data-widget_type=\"heading.default\">\n\t\t\t\t<div class=\"elementor-widget-container\">\n\t\t\t\t\t<h2 class=\"elementor-heading-title elementor-size-default\">\u00c1rea Previdenci\u00e1ria <\/h2>\t\t\t\t<\/div>\n\t\t\t\t<\/div>\n\t\t\t\t\t<\/div>\n\t\t<\/div>\n\t\t\t\t<div class=\"elementor-column elementor-col-50 elementor-inner-column elementor-element elementor-element-1154b32\" data-id=\"1154b32\" data-element_type=\"column\" data-settings=\"{&quot;background_background&quot;:&quot;classic&quot;}\">\n\t\t\t<div class=\"elementor-widget-wrap elementor-element-populated\">\n\t\t\t\t\t<div class=\"elementor-background-overlay\"><\/div>\n\t\t\t\t\t\t<div class=\"elementor-element elementor-element-7d85fd9 elementor-widget elementor-widget-heading\" data-id=\"7d85fd9\" data-element_type=\"widget\" data-widget_type=\"heading.default\">\n\t\t\t\t<div class=\"elementor-widget-container\">\n\t\t\t\t\t<h2 class=\"elementor-heading-title elementor-size-default\">\u00c1rea C\u00edvel<\/h2>\t\t\t\t<\/div>\n\t\t\t\t<\/div>\n\t\t\t\t\t<\/div>\n\t\t<\/div>\n\t\t\t\t\t<\/div>\n\t\t<\/section>\n\t\t\t\t<section class=\"elementor-section elementor-inner-section elementor-element elementor-element-f0bb8d8 elementor-section-boxed elementor-section-height-default elementor-section-height-default\" data-id=\"f0bb8d8\" data-element_type=\"section\">\n\t\t\t\t\t\t<div class=\"elementor-container elementor-column-gap-default\">\n\t\t\t\t\t<div class=\"elementor-column elementor-col-50 elementor-inner-column elementor-element elementor-element-4534755\" data-id=\"4534755\" data-element_type=\"column\" data-settings=\"{&quot;background_background&quot;:&quot;classic&quot;}\">\n\t\t\t<div class=\"elementor-widget-wrap elementor-element-populated\">\n\t\t\t\t\t<div class=\"elementor-background-overlay\"><\/div>\n\t\t\t\t\t\t<div class=\"elementor-element elementor-element-9b7e285 elementor-widget elementor-widget-heading\" data-id=\"9b7e285\" data-element_type=\"widget\" data-widget_type=\"heading.default\">\n\t\t\t\t<div class=\"elementor-widget-container\">\n\t\t\t\t\t<h2 class=\"elementor-heading-title elementor-size-default\">\u00c1rea trabalhista<\/h2>\t\t\t\t<\/div>\n\t\t\t\t<\/div>\n\t\t\t\t\t<\/div>\n\t\t<\/div>\n\t\t\t\t<div class=\"elementor-column elementor-col-50 elementor-inner-column elementor-element elementor-element-927bc15\" data-id=\"927bc15\" data-element_type=\"column\" data-settings=\"{&quot;background_background&quot;:&quot;classic&quot;}\">\n\t\t\t<div class=\"elementor-widget-wrap elementor-element-populated\">\n\t\t\t\t\t<div class=\"elementor-background-overlay\"><\/div>\n\t\t\t\t\t\t<div class=\"elementor-element elementor-element-19f0c47 elementor-widget elementor-widget-heading\" data-id=\"19f0c47\" data-element_type=\"widget\" data-widget_type=\"heading.default\">\n\t\t\t\t<div class=\"elementor-widget-container\">\n\t\t\t\t\t<h2 class=\"elementor-heading-title elementor-size-default\">\u00c1rea consumidor\n\n<\/h2>\t\t\t\t<\/div>\n\t\t\t\t<\/div>\n\t\t\t\t\t<\/div>\n\t\t<\/div>\n\t\t\t\t\t<\/div>\n\t\t<\/section>\n\t\t\t\t<section class=\"elementor-section elementor-inner-section elementor-element elementor-element-d99830b elementor-section-boxed elementor-section-height-default elementor-section-height-default\" data-id=\"d99830b\" data-element_type=\"section\">\n\t\t\t\t\t\t<div class=\"elementor-container elementor-column-gap-default\">\n\t\t\t\t\t<div class=\"elementor-column elementor-col-50 elementor-inner-column elementor-element elementor-element-41ade75\" data-id=\"41ade75\" data-element_type=\"column\" data-settings=\"{&quot;background_background&quot;:&quot;classic&quot;}\">\n\t\t\t<div class=\"elementor-widget-wrap elementor-element-populated\">\n\t\t\t\t\t<div class=\"elementor-background-overlay\"><\/div>\n\t\t\t\t\t\t<div class=\"elementor-element elementor-element-f83038c elementor-widget elementor-widget-heading\" data-id=\"f83038c\" data-element_type=\"widget\" data-widget_type=\"heading.default\">\n\t\t\t\t<div class=\"elementor-widget-container\">\n\t\t\t\t\t<h2 class=\"elementor-heading-title elementor-size-default\">Especialista em Holding <\/h2>\t\t\t\t<\/div>\n\t\t\t\t<\/div>\n\t\t\t\t\t<\/div>\n\t\t<\/div>\n\t\t\t\t<div class=\"elementor-column elementor-col-50 elementor-inner-column elementor-element elementor-element-1d2a6b4\" data-id=\"1d2a6b4\" data-element_type=\"column\" data-settings=\"{&quot;background_background&quot;:&quot;classic&quot;}\">\n\t\t\t<div class=\"elementor-widget-wrap\">\n\t\t\t\t\t<div class=\"elementor-background-overlay\"><\/div>\n\t\t\t\t\t\t\t<\/div>\n\t\t<\/div>\n\t\t\t\t\t<\/div>\n\t\t<\/section>\n\t\t\t\t\t<\/div>\n\t\t<\/div>\n\t\t\t\t\t<\/div>\n\t\t<\/section>\n\t\t\t\t<section class=\"elementor-section elementor-top-section elementor-element elementor-element-aae5c3e elementor-section-height-min-height elementor-section-boxed elementor-section-height-default elementor-section-items-middle\" data-id=\"aae5c3e\" data-element_type=\"section\" data-settings=\"{&quot;background_background&quot;:&quot;classic&quot;}\">\n\t\t\t\t\t\t<div class=\"elementor-container elementor-column-gap-default\">\n\t\t\t\t\t<div class=\"elementor-column elementor-col-100 elementor-top-column elementor-element elementor-element-1ab0fba\" data-id=\"1ab0fba\" data-element_type=\"column\">\n\t\t\t<div class=\"elementor-widget-wrap elementor-element-populated\">\n\t\t\t\t\t\t<section class=\"elementor-section elementor-inner-section elementor-element elementor-element-d2f434c elementor-section-boxed elementor-section-height-default elementor-section-height-default\" data-id=\"d2f434c\" data-element_type=\"section\">\n\t\t\t\t\t\t<div class=\"elementor-container elementor-column-gap-default\">\n\t\t\t\t\t<div class=\"elementor-column elementor-col-50 elementor-inner-column elementor-element elementor-element-c3d2221\" data-id=\"c3d2221\" data-element_type=\"column\">\n\t\t\t<div class=\"elementor-widget-wrap elementor-element-populated\">\n\t\t\t\t\t\t<div class=\"elementor-element elementor-element-d9725b9 elementor-widget elementor-widget-image\" data-id=\"d9725b9\" data-element_type=\"widget\" data-widget_type=\"image.default\">\n\t\t\t\t<div class=\"elementor-widget-container\">\n\t\t\t\t\t\t\t\t\t\t\t\t\t\t\t<img fetchpriority=\"high\" decoding=\"async\" width=\"800\" height=\"421\" src=\"https:\/\/adanunesadvogados.com.br\/wp-content\/uploads\/2023\/02\/logo-completa-sem-fundo-e1699020200694-1024x539.png\" class=\"attachment-large size-large wp-image-249\" alt=\"\" srcset=\"https:\/\/adanunesadvogados.com.br\/wp-content\/uploads\/2023\/02\/logo-completa-sem-fundo-e1699020200694-1024x539.png 1024w, https:\/\/adanunesadvogados.com.br\/wp-content\/uploads\/2023\/02\/logo-completa-sem-fundo-e1699020200694-300x158.png 300w, https:\/\/adanunesadvogados.com.br\/wp-content\/uploads\/2023\/02\/logo-completa-sem-fundo-e1699020200694-768x404.png 768w, https:\/\/adanunesadvogados.com.br\/wp-content\/uploads\/2023\/02\/logo-completa-sem-fundo-e1699020200694.png 1080w\" sizes=\"(max-width: 800px) 100vw, 800px\" \/>\t\t\t\t\t\t\t\t\t\t\t\t\t\t\t<\/div>\n\t\t\t\t<\/div>\n\t\t\t\t\t<\/div>\n\t\t<\/div>\n\t\t\t\t<div class=\"elementor-column elementor-col-50 elementor-inner-column elementor-element elementor-element-ade44b6\" data-id=\"ade44b6\" data-element_type=\"column\">\n\t\t\t<div class=\"elementor-widget-wrap elementor-element-populated\">\n\t\t\t\t\t\t<div class=\"elementor-element elementor-element-73e63e0 elementor-widget elementor-widget-heading\" data-id=\"73e63e0\" data-element_type=\"widget\" id=\"sobre\" data-widget_type=\"heading.default\">\n\t\t\t\t<div class=\"elementor-widget-container\">\n\t\t\t\t\t<h2 class=\"elementor-heading-title elementor-size-default\">Escrit\u00f3rio <\/h2>\t\t\t\t<\/div>\n\t\t\t\t<\/div>\n\t\t\t\t<div class=\"elementor-element elementor-element-3c5d69c elementor-widget elementor-widget-text-editor\" data-id=\"3c5d69c\" data-element_type=\"widget\" data-widget_type=\"text-editor.default\">\n\t\t\t\t<div class=\"elementor-widget-container\">\n\t\t\t\t\t\t\t\t\t<p>Fundando em 2019 pela Doutora Ada Nunes com objetivo principal de resolu\u00e7\u00e3o de conflitos e alcance da justi\u00e7a.<\/p>\n<p>Nosso diferencial se encontra no atendimento r\u00e1pido \u00e1s d\u00favidas mais simples e estreitamento de rela\u00e7\u00e3o com o cliente..<\/p>\t\t\t\t\t\t\t\t<\/div>\n\t\t\t\t<\/div>\n\t\t\t\t\t<\/div>\n\t\t<\/div>\n\t\t\t\t\t<\/div>\n\t\t<\/section>\n\t\t\t\t\t<\/div>\n\t\t<\/div>\n\t\t\t\t\t<\/div>\n\t\t<\/section>\n\t\t\t\t<section class=\"elementor-section elementor-top-section elementor-element elementor-element-d0c1854 elementor-section-height-min-height elementor-section-boxed elementor-section-height-default elementor-section-items-middle\" data-id=\"d0c1854\" data-element_type=\"section\">\n\t\t\t\t\t\t<div class=\"elementor-container elementor-column-gap-default\">\n\t\t\t\t\t<div class=\"elementor-column elementor-col-100 elementor-top-column elementor-element elementor-element-bc5d57f\" data-id=\"bc5d57f\" data-element_type=\"column\">\n\t\t\t<div class=\"elementor-widget-wrap elementor-element-populated\">\n\t\t\t\t\t\t<section class=\"elementor-section elementor-inner-section elementor-element elementor-element-434dcc5 elementor-section-boxed elementor-section-height-default elementor-section-height-default\" data-id=\"434dcc5\" data-element_type=\"section\">\n\t\t\t\t\t\t<div class=\"elementor-container elementor-column-gap-default\">\n\t\t\t\t\t<div class=\"elementor-column elementor-col-50 elementor-inner-column elementor-element elementor-element-237633b\" data-id=\"237633b\" data-element_type=\"column\">\n\t\t\t<div class=\"elementor-widget-wrap elementor-element-populated\">\n\t\t\t\t\t\t<div class=\"elementor-element elementor-element-6ab6ca1 elementor-widget elementor-widget-image\" data-id=\"6ab6ca1\" data-element_type=\"widget\" data-widget_type=\"image.default\">\n\t\t\t\t<div class=\"elementor-widget-container\">\n\t\t\t\t\t\t\t\t\t\t\t\t\t\t\t<img decoding=\"async\" width=\"1600\" height=\"1067\" src=\"https:\/\/adanunesadvogados.com.br\/wp-content\/uploads\/2023\/02\/advogado-01.jpg\" class=\"attachment-full size-full wp-image-72\" alt=\"\" srcset=\"https:\/\/adanunesadvogados.com.br\/wp-content\/uploads\/2023\/02\/advogado-01.jpg 1600w, https:\/\/adanunesadvogados.com.br\/wp-content\/uploads\/2023\/02\/advogado-01-300x200.jpg 300w, https:\/\/adanunesadvogados.com.br\/wp-content\/uploads\/2023\/02\/advogado-01-1024x683.jpg 1024w, https:\/\/adanunesadvogados.com.br\/wp-content\/uploads\/2023\/02\/advogado-01-768x512.jpg 768w, https:\/\/adanunesadvogados.com.br\/wp-content\/uploads\/2023\/02\/advogado-01-1536x1024.jpg 1536w\" sizes=\"(max-width: 1600px) 100vw, 1600px\" \/>\t\t\t\t\t\t\t\t\t\t\t\t\t\t\t<\/div>\n\t\t\t\t<\/div>\n\t\t\t\t\t<\/div>\n\t\t<\/div>\n\t\t\t\t<div class=\"elementor-column elementor-col-50 elementor-inner-column elementor-element elementor-element-944f03b\" data-id=\"944f03b\" data-element_type=\"column\">\n\t\t\t<div class=\"elementor-widget-wrap elementor-element-populated\">\n\t\t\t\t\t\t<div class=\"elementor-element elementor-element-c2ad307 elementor-widget elementor-widget-heading\" data-id=\"c2ad307\" data-element_type=\"widget\" id=\"profissional\" data-widget_type=\"heading.default\">\n\t\t\t\t<div class=\"elementor-widget-container\">\n\t\t\t\t\t<h2 class=\"elementor-heading-title elementor-size-default\">Alexandre Augusto Cassiano Neves\n<\/h2>\t\t\t\t<\/div>\n\t\t\t\t<\/div>\n\t\t\t\t<div class=\"elementor-element elementor-element-3ae85d3 elementor-widget elementor-widget-text-editor\" data-id=\"3ae85d3\" data-element_type=\"widget\" data-widget_type=\"text-editor.default\">\n\t\t\t\t<div class=\"elementor-widget-container\">\n\t\t\t\t\t\t\t\t\t<p>Advogado formado em 2004, pelo &#8211; UNISAL &#8211; Centro Universit\u00e1rio Salesiano de Lorena &#8211; Lorena\/SP, com ampla experi\u00eancia e expertise nas \u00e1reas de Fam\u00edlia e Sucess\u00f5es, Consumidor, Contratos, Inf\u00e2ncia, Juventude e Ambiental<\/p>\t\t\t\t\t\t\t\t<\/div>\n\t\t\t\t<\/div>\n\t\t\t\t\t<\/div>\n\t\t<\/div>\n\t\t\t\t\t<\/div>\n\t\t<\/section>\n\t\t\t\t\t<\/div>\n\t\t<\/div>\n\t\t\t\t\t<\/div>\n\t\t<\/section>\n\t\t\t\t<\/div>\n\t\t","protected":false},"excerpt":{"rendered":"<p>Seus direitos merecem voz forte e representa\u00e7\u00e3o incans\u00e1vel FALE CONOSCO Como podemos Ajud\u00e1-lo(a)? \u00c1rea Previdenci\u00e1ria \u00c1rea C\u00edvel \u00c1rea trabalhista \u00c1rea consumidor Especialista em Holding Escrit\u00f3rio Fundando em 2019 pela Doutora Ada Nunes com objetivo principal de resolu\u00e7\u00e3o de conflitos e alcance da justi\u00e7a. Nosso diferencial se encontra no atendimento r\u00e1pido \u00e1s d\u00favidas mais simples e [&hellip;]<\/p>\n","protected":false},"author":1,"featured_media":0,"parent":0,"menu_order":0,"comment_status":"closed","ping_status":"closed","template":"","meta":{"footnotes":""},"class_list":["post-2","page","type-page","status-publish","hentry"],"yoast_head":"<!-- This site is optimized with the Yoast SEO plugin v23.4 - https:\/\/yoast.com\/wordpress\/plugins\/seo\/ -->\n<title>Home - Ada Nunes<\/title>\n<meta name=\"robots\" content=\"index, follow, max-snippet:-1, max-image-preview:large, max-video-preview:-1\" \/>\n<link rel=\"canonical\" href=\"https:\/\/adanunesadvogados.com.br\/\" \/>\n<meta property=\"og:locale\" content=\"pt_BR\" \/>\n<meta property=\"og:type\" content=\"article\" \/>\n<meta property=\"og:title\" content=\"Home - Ada Nunes\" \/>\n<meta property=\"og:description\" content=\"Seus direitos merecem voz forte e representa\u00e7\u00e3o incans\u00e1vel FALE CONOSCO Como podemos Ajud\u00e1-lo(a)? \u00c1rea Previdenci\u00e1ria \u00c1rea C\u00edvel \u00c1rea trabalhista \u00c1rea consumidor Especialista em Holding Escrit\u00f3rio Fundando em 2019 pela Doutora Ada Nunes com objetivo principal de resolu\u00e7\u00e3o de conflitos e alcance da justi\u00e7a. Nosso diferencial se encontra no atendimento r\u00e1pido \u00e1s d\u00favidas mais simples e [&hellip;]\" \/>\n<meta property=\"og:url\" content=\"https:\/\/adanunesadvogados.com.br\/\" \/>\n<meta property=\"og:site_name\" content=\"Ada Nunes\" \/>\n<meta property=\"article:modified_time\" content=\"2024-01-05T20:07:45+00:00\" \/>\n<meta property=\"og:image\" content=\"http:\/\/adanunesadvogados.com.br\/wp-content\/uploads\/2023\/02\/logo-completa-sem-fundo-e1699020200694-1024x539.png\" \/>\n<meta name=\"twitter:card\" content=\"summary_large_image\" \/>\n<meta name=\"twitter:label1\" content=\"Est. tempo de leitura\" \/>\n\t<meta name=\"twitter:data1\" content=\"1 minuto\" \/>\n<script type=\"application\/ld+json\" class=\"yoast-schema-graph\">{\"@context\":\"https:\/\/schema.org\",\"@graph\":[{\"@type\":\"WebPage\",\"@id\":\"https:\/\/adanunesadvogados.com.br\/\",\"url\":\"https:\/\/adanunesadvogados.com.br\/\",\"name\":\"Home - Ada Nunes\",\"isPartOf\":{\"@id\":\"https:\/\/adanunesadvogados.com.br\/#website\"},\"primaryImageOfPage\":{\"@id\":\"https:\/\/adanunesadvogados.com.br\/#primaryimage\"},\"image\":{\"@id\":\"https:\/\/adanunesadvogados.com.br\/#primaryimage\"},\"thumbnailUrl\":\"http:\/\/adanunesadvogados.com.br\/wp-content\/uploads\/2023\/02\/logo-completa-sem-fundo-e1699020200694-1024x539.png\",\"datePublished\":\"2023-02-22T13:14:56+00:00\",\"dateModified\":\"2024-01-05T20:07:45+00:00\",\"breadcrumb\":{\"@id\":\"https:\/\/adanunesadvogados.com.br\/#breadcrumb\"},\"inLanguage\":\"pt-BR\",\"potentialAction\":[{\"@type\":\"ReadAction\",\"target\":[\"https:\/\/adanunesadvogados.com.br\/\"]}]},{\"@type\":\"ImageObject\",\"inLanguage\":\"pt-BR\",\"@id\":\"https:\/\/adanunesadvogados.com.br\/#primaryimage\",\"url\":\"https:\/\/adanunesadvogados.com.br\/wp-content\/uploads\/2023\/02\/logo-completa-sem-fundo-e1699020200694.png\",\"contentUrl\":\"https:\/\/adanunesadvogados.com.br\/wp-content\/uploads\/2023\/02\/logo-completa-sem-fundo-e1699020200694.png\",\"width\":1080,\"height\":568},{\"@type\":\"BreadcrumbList\",\"@id\":\"https:\/\/adanunesadvogados.com.br\/#breadcrumb\",\"itemListElement\":[{\"@type\":\"ListItem\",\"position\":1,\"name\":\"In\u00edcio\",\"item\":\"https:\/\/adanunesadvogados.com.br\/\"},{\"@type\":\"ListItem\",\"position\":2,\"name\":\"Home\"}]},{\"@type\":\"WebSite\",\"@id\":\"https:\/\/adanunesadvogados.com.br\/#website\",\"url\":\"https:\/\/adanunesadvogados.com.br\/\",\"name\":\"Ada Nunes\",\"description\":\"\",\"publisher\":{\"@id\":\"https:\/\/adanunesadvogados.com.br\/#organization\"},\"potentialAction\":[{\"@type\":\"SearchAction\",\"target\":{\"@type\":\"EntryPoint\",\"urlTemplate\":\"https:\/\/adanunesadvogados.com.br\/?s={search_term_string}\"},\"query-input\":{\"@type\":\"PropertyValueSpecification\",\"valueRequired\":true,\"valueName\":\"search_term_string\"}}],\"inLanguage\":\"pt-BR\"},{\"@type\":\"Organization\",\"@id\":\"https:\/\/adanunesadvogados.com.br\/#organization\",\"name\":\"Ada Nunes\",\"url\":\"https:\/\/adanunesadvogados.com.br\/\",\"logo\":{\"@type\":\"ImageObject\",\"inLanguage\":\"pt-BR\",\"@id\":\"https:\/\/adanunesadvogados.com.br\/#\/schema\/logo\/image\/\",\"url\":\"https:\/\/adanunesadvogados.com.br\/wp-content\/uploads\/2023\/02\/logo-completa-sem-fundo-e1699020200694.png\",\"contentUrl\":\"https:\/\/adanunesadvogados.com.br\/wp-content\/uploads\/2023\/02\/logo-completa-sem-fundo-e1699020200694.png\",\"width\":1080,\"height\":568,\"caption\":\"Ada Nunes\"},\"image\":{\"@id\":\"https:\/\/adanunesadvogados.com.br\/#\/schema\/logo\/image\/\"}}]}<\/script>\n<!-- \/ Yoast SEO plugin. -->","yoast_head_json":{"title":"Home - Ada Nunes","robots":{"index":"index","follow":"follow","max-snippet":"max-snippet:-1","max-image-preview":"max-image-preview:large","max-video-preview":"max-video-preview:-1"},"canonical":"https:\/\/adanunesadvogados.com.br\/","og_locale":"pt_BR","og_type":"article","og_title":"Home - Ada Nunes","og_description":"Seus direitos merecem voz forte e representa\u00e7\u00e3o incans\u00e1vel FALE CONOSCO Como podemos Ajud\u00e1-lo(a)? \u00c1rea Previdenci\u00e1ria \u00c1rea C\u00edvel \u00c1rea trabalhista \u00c1rea consumidor Especialista em Holding Escrit\u00f3rio Fundando em 2019 pela Doutora Ada Nunes com objetivo principal de resolu\u00e7\u00e3o de conflitos e alcance da justi\u00e7a. Nosso diferencial se encontra no atendimento r\u00e1pido \u00e1s d\u00favidas mais simples e [&hellip;]","og_url":"https:\/\/adanunesadvogados.com.br\/","og_site_name":"Ada Nunes","article_modified_time":"2024-01-05T20:07:45+00:00","og_image":[{"url":"http:\/\/adanunesadvogados.com.br\/wp-content\/uploads\/2023\/02\/logo-completa-sem-fundo-e1699020200694-1024x539.png"}],"twitter_card":"summary_large_image","twitter_misc":{"Est. tempo de leitura":"1 minuto"},"schema":{"@context":"https:\/\/schema.org","@graph":[{"@type":"WebPage","@id":"https:\/\/adanunesadvogados.com.br\/","url":"https:\/\/adanunesadvogados.com.br\/","name":"Home - Ada Nunes","isPartOf":{"@id":"https:\/\/adanunesadvogados.com.br\/#website"},"primaryImageOfPage":{"@id":"https:\/\/adanunesadvogados.com.br\/#primaryimage"},"image":{"@id":"https:\/\/adanunesadvogados.com.br\/#primaryimage"},"thumbnailUrl":"http:\/\/adanunesadvogados.com.br\/wp-content\/uploads\/2023\/02\/logo-completa-sem-fundo-e1699020200694-1024x539.png","datePublished":"2023-02-22T13:14:56+00:00","dateModified":"2024-01-05T20:07:45+00:00","breadcrumb":{"@id":"https:\/\/adanunesadvogados.com.br\/#breadcrumb"},"inLanguage":"pt-BR","potentialAction":[{"@type":"ReadAction","target":["https:\/\/adanunesadvogados.com.br\/"]}]},{"@type":"ImageObject","inLanguage":"pt-BR","@id":"https:\/\/adanunesadvogados.com.br\/#primaryimage","url":"https:\/\/adanunesadvogados.com.br\/wp-content\/uploads\/2023\/02\/logo-completa-sem-fundo-e1699020200694.png","contentUrl":"https:\/\/adanunesadvogados.com.br\/wp-content\/uploads\/2023\/02\/logo-completa-sem-fundo-e1699020200694.png","width":1080,"height":568},{"@type":"BreadcrumbList","@id":"https:\/\/adanunesadvogados.com.br\/#breadcrumb","itemListElement":[{"@type":"ListItem","position":1,"name":"In\u00edcio","item":"https:\/\/adanunesadvogados.com.br\/"},{"@type":"ListItem","position":2,"name":"Home"}]},{"@type":"WebSite","@id":"https:\/\/adanunesadvogados.com.br\/#website","url":"https:\/\/adanunesadvogados.com.br\/","name":"Ada Nunes","description":"","publisher":{"@id":"https:\/\/adanunesadvogados.com.br\/#organization"},"potentialAction":[{"@type":"SearchAction","target":{"@type":"EntryPoint","urlTemplate":"https:\/\/adanunesadvogados.com.br\/?s={search_term_string}"},"query-input":{"@type":"PropertyValueSpecification","valueRequired":true,"valueName":"search_term_string"}}],"inLanguage":"pt-BR"},{"@type":"Organization","@id":"https:\/\/adanunesadvogados.com.br\/#organization","name":"Ada Nunes","url":"https:\/\/adanunesadvogados.com.br\/","logo":{"@type":"ImageObject","inLanguage":"pt-BR","@id":"https:\/\/adanunesadvogados.com.br\/#\/schema\/logo\/image\/","url":"https:\/\/adanunesadvogados.com.br\/wp-content\/uploads\/2023\/02\/logo-completa-sem-fundo-e1699020200694.png","contentUrl":"https:\/\/adanunesadvogados.com.br\/wp-content\/uploads\/2023\/02\/logo-completa-sem-fundo-e1699020200694.png","width":1080,"height":568,"caption":"Ada Nunes"},"image":{"@id":"https:\/\/adanunesadvogados.com.br\/#\/schema\/logo\/image\/"}}]}},"_links":{"self":[{"href":"https:\/\/adanunesadvogados.com.br\/index.php?rest_route=\/wp\/v2\/pages\/2","targetHints":{"allow":["GET"]}}],"collection":[{"href":"https:\/\/adanunesadvogados.com.br\/index.php?rest_route=\/wp\/v2\/pages"}],"about":[{"href":"https:\/\/adanunesadvogados.com.br\/index.php?rest_route=\/wp\/v2\/types\/page"}],"author":[{"embeddable":true,"href":"https:\/\/adanunesadvogados.com.br\/index.php?rest_route=\/wp\/v2\/users\/1"}],"replies":[{"embeddable":true,"href":"https:\/\/adanunesadvogados.com.br\/index.php?rest_route=%2Fwp%2Fv2%2Fcomments&post=2"}],"version-history":[{"count":95,"href":"https:\/\/adanunesadvogados.com.br\/index.php?rest_route=\/wp\/v2\/pages\/2\/revisions"}],"predecessor-version":[{"id":264,"href":"https:\/\/adanunesadvogados.com.br\/index.php?rest_route=\/wp\/v2\/pages\/2\/revisions\/264"}],"wp:attachment":[{"href":"https:\/\/adanunesadvogados.com.br\/index.php?rest_route=%2Fwp%2Fv2%2Fmedia&parent=2"}],"curies":[{"name":"wp","href":"https:\/\/api.w.org\/{rel}","templated":true}]}}